{"id":9892,"date":"2025-01-30T08:45:41","date_gmt":"2025-01-30T08:45:41","guid":{"rendered":"https:\/\/mommomreposteria.com\/erklaerung-zur-zugaenglichkeit\/"},"modified":"2025-04-25T10:15:30","modified_gmt":"2025-04-25T10:15:30","slug":"erklaerung-zur-zugaenglichkeit","status":"publish","type":"page","link":"https:\/\/mommomreposteria.com\/de\/erklaerung-zur-zugaenglichkeit\/","title":{"rendered":"Erkl\u00e4rung zur Zug\u00e4nglichkeit"},"content":{"rendered":"\t\t<div data-elementor-type=\"wp-page\" data-elementor-id=\"9892\" class=\"elementor elementor-9892 elementor-12\">\n\t\t\t\t<div class=\"elementor-element elementor-element-2ea09cc7 e-flex e-con-boxed e-con e-parent\" data-id=\"2ea09cc7\" data-element_type=\"container\">\n\t\t\t\t\t<div class=\"e-con-inner\">\n\t\t\t\t<div class=\"elementor-element elementor-element-f2ca76f elementor-widget elementor-widget-heading\" data-id=\"f2ca76f\" data-element_type=\"widget\" data-widget_type=\"heading.default\">\n\t\t\t\t<div class=\"elementor-widget-container\">\n\t\t\t\t\t<h1 class=\"elementor-heading-title elementor-size-default\">Erkl\u00e4rung zur Zug\u00e4nglichkeit<\/h1>\t\t\t\t<\/div>\n\t\t\t\t<\/div>\n\t\t\t\t<div class=\"elementor-element elementor-element-4f9eacad elementor-widget elementor-widget-text-editor\" data-id=\"4f9eacad\" data-element_type=\"widget\" data-widget_type=\"text-editor.default\">\n\t\t\t\t<div class=\"elementor-widget-container\">\n\t\t\t\t\t\t\t\t\t<p><strong style=\"color: #7a7a7a; font-family: Roboto, sans-serif; font-size: 17px; text-transform: initial;\">Maria de Bonilla Maas<\/strong><span style=\"color: #7a7a7a; font-family: Roboto, sans-serif; font-size: 17px; text-transform: initial;\"> engagiert sich f\u00fcr die Zug\u00e4nglichmachung <\/span><a style=\"font-family: Roboto, sans-serif; font-weight: 400; font-size: 17px; text-transform: initial;\" href=\"https:\/\/mommomreposteria.com\/de\/\" target=\"_new\" rel=\"noopener\">https:\/\/mommomreposteria.com\/<\/a><span style=\"color: #7a7a7a; font-family: Roboto, sans-serif; font-size: 17px; text-transform: initial;\"> in \u00dcbereinstimmung mit dem K\u00f6niglichen Erlass 1112\/2018 vom 7. September \u00fcber die Zug\u00e4nglichkeit von Websites und Anwendungen des \u00f6ffentlichen Sektors f\u00fcr mobile Ger\u00e4te.<\/span><\/p><p>Diese Erkl\u00e4rung zur Zug\u00e4nglichkeit gilt f\u00fcr die Website: <a href=\"https:\/\/mommomreposteria.com\/de\/\" target=\"_new\" rel=\"noopener\">https:\/\/mommomreposteria.com\/.<\/a> Diese Website ist vollst\u00e4ndig konform mit der <strong>RD 1112\/2018<\/strong>.<\/p><p>Diese Erkl\u00e4rung wurde am <strong>31. Januar 2025<\/strong> erstellt.<\/p><p>Die Methode zur Erstellung der Erkl\u00e4rung war eine Selbsteinsch\u00e4tzung, die von der Agentur selbst durchgef\u00fchrt wurde.<\/p><p>Letzte \u00dcberarbeitung der Erkl\u00e4rung: <strong>31. Januar 2025<\/strong>.<\/p><div id=\"awebChromeHelper\" data-version=\"1.24.0\"> <\/div><div id=\"awebChromeHelper\" data-version=\"1.24.0\"> <\/div>\t\t\t\t\t\t\t\t<\/div>\n\t\t\t\t<\/div>\n\t\t\t\t\t<\/div>\n\t\t\t\t<\/div>\n\t\t\t\t<\/div>\n\t\t","protected":false},"excerpt":{"rendered":"<p>Erkl\u00e4rung zur Zug\u00e4nglichkeit Maria de Bonilla Maas engagiert sich f\u00fcr die Zug\u00e4nglichmachung https:\/\/mommomreposteria.com\/ in \u00dcbereinstimmung mit dem K\u00f6niglichen Erlass 1112\/2018 vom 7. September \u00fcber die Zug\u00e4nglichkeit von Websites und Anwendungen des \u00f6ffentlichen Sektors f\u00fcr mobile Ger\u00e4te. Diese Erkl\u00e4rung zur Zug\u00e4nglichkeit gilt f\u00fcr die Website: https:\/\/mommomreposteria.com\/. Diese Website ist vollst\u00e4ndig konform mit der RD 1112\/2018. Diese [&hellip;]<\/p>\n","protected":false},"author":1,"featured_media":0,"parent":0,"menu_order":0,"comment_status":"closed","ping_status":"closed","template":"","meta":{"footnotes":""},"class_list":["post-9892","page","type-page","status-publish","hentry"],"yoast_head":"<!-- This site is optimized with the Yoast SEO Premium plugin v24.9 (Yoast SEO v26.6) - https:\/\/yoast.com\/wordpress\/plugins\/seo\/ -->\n<title>Unsere Erkl\u00e4rung zur Barrierefreiheit im Internet Mom&amp;Mom<\/title>\n<meta name=\"description\" content=\"Wir setzen uns daf\u00fcr ein, dass unsere Website f\u00fcr alle zug\u00e4nglich ist. Wir arbeiten st\u00e4ndig daran, Ihnen ein gutes Erlebnis zu bieten.\" \/>\n<meta name=\"robots\" content=\"index, follow, max-snippet:-1, max-image-preview:large, max-video-preview:-1\" \/>\n<link rel=\"canonical\" href=\"https:\/\/mommomreposteria.com\/de\/erklaerung-zur-zugaenglichkeit\/\" \/>\n<meta property=\"og:locale\" content=\"de_DE\" \/>\n<meta property=\"og:type\" content=\"article\" \/>\n<meta property=\"og:title\" content=\"Erkl\u00e4rung zur Zug\u00e4nglichkeit\" \/>\n<meta property=\"og:description\" content=\"Wir setzen uns daf\u00fcr ein, dass unsere Website f\u00fcr alle zug\u00e4nglich ist. Wir arbeiten st\u00e4ndig daran, Ihnen ein gutes Erlebnis zu bieten.\" \/>\n<meta property=\"og:url\" content=\"https:\/\/mommomreposteria.com\/de\/erklaerung-zur-zugaenglichkeit\/\" \/>\n<meta property=\"og:site_name\" content=\"Mom&amp;Mom\" \/>\n<meta property=\"article:publisher\" content=\"https:\/\/www.facebook.com\/mommomreposteria\/?locale=es_ES\" \/>\n<meta property=\"article:modified_time\" content=\"2025-04-25T10:15:30+00:00\" \/>\n<meta name=\"twitter:card\" content=\"summary_large_image\" \/>\n<script type=\"application\/ld+json\" class=\"yoast-schema-graph\">{\"@context\":\"https:\/\/schema.org\",\"@graph\":[{\"@type\":\"WebPage\",\"@id\":\"https:\/\/mommomreposteria.com\/de\/erklaerung-zur-zugaenglichkeit\/\",\"url\":\"https:\/\/mommomreposteria.com\/de\/erklaerung-zur-zugaenglichkeit\/\",\"name\":\"Unsere Erkl\u00e4rung zur Barrierefreiheit im Internet Mom&amp;Mom\",\"isPartOf\":{\"@id\":\"https:\/\/mommomreposteria.com\/#website\"},\"datePublished\":\"2025-01-30T08:45:41+00:00\",\"dateModified\":\"2025-04-25T10:15:30+00:00\",\"description\":\"Wir setzen uns daf\u00fcr ein, dass unsere Website f\u00fcr alle zug\u00e4nglich ist. Wir arbeiten st\u00e4ndig daran, Ihnen ein gutes Erlebnis zu bieten.\",\"breadcrumb\":{\"@id\":\"https:\/\/mommomreposteria.com\/de\/erklaerung-zur-zugaenglichkeit\/#breadcrumb\"},\"inLanguage\":\"de\",\"potentialAction\":[{\"@type\":\"ReadAction\",\"target\":[\"https:\/\/mommomreposteria.com\/de\/erklaerung-zur-zugaenglichkeit\/\"]}]},{\"@type\":\"BreadcrumbList\",\"@id\":\"https:\/\/mommomreposteria.com\/de\/erklaerung-zur-zugaenglichkeit\/#breadcrumb\",\"itemListElement\":[{\"@type\":\"ListItem\",\"position\":1,\"name\":\"Portada\",\"item\":\"https:\/\/mommomreposteria.com\/de\/mommom\/\"},{\"@type\":\"ListItem\",\"position\":2,\"name\":\"Erkl\u00e4rung zur Zug\u00e4nglichkeit\"}]},{\"@type\":\"WebSite\",\"@id\":\"https:\/\/mommomreposteria.com\/#website\",\"url\":\"https:\/\/mommomreposteria.com\/\",\"name\":\"Mom&Mom\",\"description\":\"Tartas personalizadas en Palma \ud83c\udf82\",\"publisher\":{\"@id\":\"https:\/\/mommomreposteria.com\/#organization\"},\"potentialAction\":[{\"@type\":\"SearchAction\",\"target\":{\"@type\":\"EntryPoint\",\"urlTemplate\":\"https:\/\/mommomreposteria.com\/?s={search_term_string}\"},\"query-input\":{\"@type\":\"PropertyValueSpecification\",\"valueRequired\":true,\"valueName\":\"search_term_string\"}}],\"inLanguage\":\"de\"},{\"@type\":\"Organization\",\"@id\":\"https:\/\/mommomreposteria.com\/#organization\",\"name\":\"Mom&Mom\",\"url\":\"https:\/\/mommomreposteria.com\/\",\"logo\":{\"@type\":\"ImageObject\",\"inLanguage\":\"de\",\"@id\":\"https:\/\/mommomreposteria.com\/#\/schema\/logo\/image\/\",\"url\":\"https:\/\/mommomreposteria.com\/wp-content\/uploads\/2025\/01\/cropped-Logo_MM__nuevo_-pdf-removebg-preview-1.png\",\"contentUrl\":\"https:\/\/mommomreposteria.com\/wp-content\/uploads\/2025\/01\/cropped-Logo_MM__nuevo_-pdf-removebg-preview-1.png\",\"width\":446,\"height\":475,\"caption\":\"Mom&Mom\"},\"image\":{\"@id\":\"https:\/\/mommomreposteria.com\/#\/schema\/logo\/image\/\"},\"sameAs\":[\"https:\/\/www.facebook.com\/mommomreposteria\/?locale=es_ES\",\"https:\/\/www.instagram.com\/mommomreposteria\/\"]}]}<\/script>\n<!-- \/ Yoast SEO Premium plugin. -->","yoast_head_json":{"title":"Unsere Erkl\u00e4rung zur Barrierefreiheit im Internet Mom&amp;Mom","description":"Wir setzen uns daf\u00fcr ein, dass unsere Website f\u00fcr alle zug\u00e4nglich ist. Wir arbeiten st\u00e4ndig daran, Ihnen ein gutes Erlebnis zu bieten.","robots":{"index":"index","follow":"follow","max-snippet":"max-snippet:-1","max-image-preview":"max-image-preview:large","max-video-preview":"max-video-preview:-1"},"canonical":"https:\/\/mommomreposteria.com\/de\/erklaerung-zur-zugaenglichkeit\/","og_locale":"de_DE","og_type":"article","og_title":"Erkl\u00e4rung zur Zug\u00e4nglichkeit","og_description":"Wir setzen uns daf\u00fcr ein, dass unsere Website f\u00fcr alle zug\u00e4nglich ist. Wir arbeiten st\u00e4ndig daran, Ihnen ein gutes Erlebnis zu bieten.","og_url":"https:\/\/mommomreposteria.com\/de\/erklaerung-zur-zugaenglichkeit\/","og_site_name":"Mom&amp;Mom","article_publisher":"https:\/\/www.facebook.com\/mommomreposteria\/?locale=es_ES","article_modified_time":"2025-04-25T10:15:30+00:00","twitter_card":"summary_large_image","schema":{"@context":"https:\/\/schema.org","@graph":[{"@type":"WebPage","@id":"https:\/\/mommomreposteria.com\/de\/erklaerung-zur-zugaenglichkeit\/","url":"https:\/\/mommomreposteria.com\/de\/erklaerung-zur-zugaenglichkeit\/","name":"Unsere Erkl\u00e4rung zur Barrierefreiheit im Internet Mom&amp;Mom","isPartOf":{"@id":"https:\/\/mommomreposteria.com\/#website"},"datePublished":"2025-01-30T08:45:41+00:00","dateModified":"2025-04-25T10:15:30+00:00","description":"Wir setzen uns daf\u00fcr ein, dass unsere Website f\u00fcr alle zug\u00e4nglich ist. Wir arbeiten st\u00e4ndig daran, Ihnen ein gutes Erlebnis zu bieten.","breadcrumb":{"@id":"https:\/\/mommomreposteria.com\/de\/erklaerung-zur-zugaenglichkeit\/#breadcrumb"},"inLanguage":"de","potentialAction":[{"@type":"ReadAction","target":["https:\/\/mommomreposteria.com\/de\/erklaerung-zur-zugaenglichkeit\/"]}]},{"@type":"BreadcrumbList","@id":"https:\/\/mommomreposteria.com\/de\/erklaerung-zur-zugaenglichkeit\/#breadcrumb","itemListElement":[{"@type":"ListItem","position":1,"name":"Portada","item":"https:\/\/mommomreposteria.com\/de\/mommom\/"},{"@type":"ListItem","position":2,"name":"Erkl\u00e4rung zur Zug\u00e4nglichkeit"}]},{"@type":"WebSite","@id":"https:\/\/mommomreposteria.com\/#website","url":"https:\/\/mommomreposteria.com\/","name":"Mom&Mom","description":"Tartas personalizadas en Palma \ud83c\udf82","publisher":{"@id":"https:\/\/mommomreposteria.com\/#organization"},"potentialAction":[{"@type":"SearchAction","target":{"@type":"EntryPoint","urlTemplate":"https:\/\/mommomreposteria.com\/?s={search_term_string}"},"query-input":{"@type":"PropertyValueSpecification","valueRequired":true,"valueName":"search_term_string"}}],"inLanguage":"de"},{"@type":"Organization","@id":"https:\/\/mommomreposteria.com\/#organization","name":"Mom&Mom","url":"https:\/\/mommomreposteria.com\/","logo":{"@type":"ImageObject","inLanguage":"de","@id":"https:\/\/mommomreposteria.com\/#\/schema\/logo\/image\/","url":"https:\/\/mommomreposteria.com\/wp-content\/uploads\/2025\/01\/cropped-Logo_MM__nuevo_-pdf-removebg-preview-1.png","contentUrl":"https:\/\/mommomreposteria.com\/wp-content\/uploads\/2025\/01\/cropped-Logo_MM__nuevo_-pdf-removebg-preview-1.png","width":446,"height":475,"caption":"Mom&Mom"},"image":{"@id":"https:\/\/mommomreposteria.com\/#\/schema\/logo\/image\/"},"sameAs":["https:\/\/www.facebook.com\/mommomreposteria\/?locale=es_ES","https:\/\/www.instagram.com\/mommomreposteria\/"]}]}},"_links":{"self":[{"href":"https:\/\/mommomreposteria.com\/de\/wp-json\/wp\/v2\/pages\/9892","targetHints":{"allow":["GET"]}}],"collection":[{"href":"https:\/\/mommomreposteria.com\/de\/wp-json\/wp\/v2\/pages"}],"about":[{"href":"https:\/\/mommomreposteria.com\/de\/wp-json\/wp\/v2\/types\/page"}],"author":[{"embeddable":true,"href":"https:\/\/mommomreposteria.com\/de\/wp-json\/wp\/v2\/users\/1"}],"replies":[{"embeddable":true,"href":"https:\/\/mommomreposteria.com\/de\/wp-json\/wp\/v2\/comments?post=9892"}],"version-history":[{"count":3,"href":"https:\/\/mommomreposteria.com\/de\/wp-json\/wp\/v2\/pages\/9892\/revisions"}],"predecessor-version":[{"id":9913,"href":"https:\/\/mommomreposteria.com\/de\/wp-json\/wp\/v2\/pages\/9892\/revisions\/9913"}],"wp:attachment":[{"href":"https:\/\/mommomreposteria.com\/de\/wp-json\/wp\/v2\/media?parent=9892"}],"curies":[{"name":"wp","href":"https:\/\/api.w.org\/{rel}","templated":true}]}}