{"id":9991,"date":"2024-04-18T08:32:40","date_gmt":"2024-04-18T08:32:40","guid":{"rendered":"https:\/\/mommomreposteria.com\/datenschutzbestimmungen\/"},"modified":"2025-04-25T10:17:40","modified_gmt":"2025-04-25T10:17:40","slug":"datenschutzbestimmungen","status":"publish","type":"page","link":"https:\/\/mommomreposteria.com\/de\/datenschutzbestimmungen\/","title":{"rendered":"Datenschutzbestimmungen"},"content":{"rendered":"\t\t<div data-elementor-type=\"wp-page\" data-elementor-id=\"9991\" class=\"elementor elementor-9991 elementor-8243\">\n\t\t\t\t<div class=\"elementor-element elementor-element-36c5f03a e-flex e-con-boxed e-con e-parent\" data-id=\"36c5f03a\" data-element_type=\"container\">\n\t\t\t\t\t<div class=\"e-con-inner\">\n\t\t\t\t<div class=\"elementor-element elementor-element-7e322414 elementor-widget elementor-widget-text-editor\" data-id=\"7e322414\" data-element_type=\"widget\" data-widget_type=\"text-editor.default\">\n\t\t\t\t<div class=\"elementor-widget-container\">\n\t\t\t\t\t\t\t\t\t\n<h1 class=\"wp-block-heading\">Datenschutzbestimmungen<\/h1>\n\n<p><strong>Letzte Aktualisierung: 31\/01\/2025<\/strong><\/p>\n\n<h2 class=\"wp-block-heading\"><strong>1. IDENTIFIZIERUNG DES CONTROLLERS<\/strong><\/h2>\n\n<p>In \u00dcbereinstimmung mit den Bestimmungen der Verordnung (EU) 2016\/679 des Europ\u00e4ischen Parlaments und des Rates vom 27. April 2016 zum Schutz nat\u00fcrlicher Personen bei der Verarbeitung personenbezogener Daten und zum freien Datenverkehr (im Folgenden &#8222;DSGVO&#8220;) und anderen anwendbaren Vorschriften werden die Nutzer dieser Website hiermit dar\u00fcber informiert, dass die von ihnen angegebenen personenbezogenen Daten verarbeitet werden von:<\/p>\n\n<ul class=\"wp-block-list\">\n<li><strong>Eigent\u00fcmer:<\/strong> Mom &amp; Mom Reposter\u00eda<\/li>\n\n<li><strong>Verantwortlich:<\/strong> Mar\u00eda Lavinia Bonilla<\/li>\n\n<li><strong>Adresse:<\/strong> Carrer de Valldargent, 27, 07013 Palma, Illes Balears<\/li>\n\n<li><strong>Telefon:<\/strong> 617 69 11 39<\/li>\n\n<li><strong>E-Mail:<\/strong> <a href=\"mailto:hola@mommomreposteria.com\">hola@mommomreposteria.com<\/a><\/li>\n\n<li><strong>Website:<\/strong> <a href=\"https:\/\/mommomreposteria.com\/de\/\">https:\/\/mommomreposteria.com\/<\/a><\/li>\n<\/ul>\n\n<h2 class=\"wp-block-heading\"><strong>2. ZWECK DER DATENVERARBEITUNG<\/strong><\/h2>\n\n<p>Die \u00fcber die Website von Mon Mon Reposter\u00eda erhobenen personenbezogenen Daten werden zu folgenden Zwecken verarbeitet:<\/p>\n\n<ul class=\"wp-block-list\">\n<li>Zur Verwaltung von Auftr\u00e4gen und der Erbringung der angebotenen Dienstleistungen.<\/li>\n\n<li>Zur Bearbeitung von Anfragen und Informationsanfragen, die \u00fcber die Kontaktformulare oder per E-Mail gestellt werden.<\/li>\n\n<li>Zur Zusendung von kommerziellen Informationen, Angeboten und Werbeaktionen im Zusammenhang mit unseren Produkten und Dienstleistungen, vorausgesetzt, der Benutzer hat seine Zustimmung gegeben.<\/li>\n\n<li>Halten Sie die geltenden rechtlichen und regulatorischen Verpflichtungen ein.<\/li>\n\n<li>Um die Sicherheit der Website zu gew\u00e4hrleisten und Betrug oder illegale Aktivit\u00e4ten zu verhindern.<\/li>\n<\/ul>\n\n<h2 class=\"wp-block-heading\"><strong>3. LEGITIMATION F\u00dcR DIE DATENVERARBEITUNG<\/strong><\/h2>\n\n<p>Die Verarbeitung Ihrer personenbezogenen Daten basiert auf den folgenden Rechtsgrundlagen:<\/p>\n\n<ul class=\"wp-block-list\">\n<li><strong>Ausf\u00fchrung eines Vertrages:<\/strong> F\u00fcr die Verwaltung von Auftr\u00e4gen und die Erbringung von vertraglich vereinbarten Dienstleistungen.<\/li>\n\n<li><strong>Zustimmung des Interessenten:<\/strong> Im Falle der Zusendung von kommerziellen Informationen und Antworten auf Anfragen.<\/li>\n\n<li><strong>Einhaltung gesetzlicher Verpflichtungen:<\/strong> Zur Einhaltung von Steuer-, Buchhaltungs- und Datenschutzbestimmungen.<\/li>\n\n<li><strong>Legitimes Interesse:<\/strong> Um die Sicherheit der Website zu gew\u00e4hrleisten und Betrug zu verhindern.<\/li>\n<\/ul>\n\n<h2 class=\"wp-block-heading\"><strong>4. AUFBEWAHRUNGSFRIST F\u00dcR DATEN<\/strong><\/h2>\n\n<p>Personenbezogene Daten werden so lange aufbewahrt, wie es notwendig ist, um den Zweck zu erf\u00fcllen, f\u00fcr den sie erhoben wurden, und um m\u00f6gliche Verbindlichkeiten zu ermitteln, die sich aus diesem Zweck und aus der Verarbeitung der Daten ergeben. Im Allgemeinen betragen die Aufbewahrungsfristen: <\/p>\n\n<ul class=\"wp-block-list\">\n<li><strong>Daten des Kunden:<\/strong> F\u00fcr den Zeitraum, der f\u00fcr die Erbringung der Dienstleistung erforderlich ist, und danach f\u00fcr die geltenden gesetzlichen Fristen.<\/li>\n\n<li><strong>Daten f\u00fcr Anfragen und kommerzielle Mitteilungen:<\/strong> Bis der Nutzer ihre L\u00f6schung beantragt oder seine Zustimmung widerruft.<\/li>\n\n<li><strong>Daten im Zusammenhang mit gesetzlichen Verpflichtungen:<\/strong> W\u00e4hrend der in den geltenden Vorschriften vorgeschriebenen Zeitr\u00e4ume.<\/li>\n<\/ul>\n\n<h2 class=\"wp-block-heading\"><strong>5. EMPF\u00c4NGER DER DATEN<\/strong><\/h2>\n\n<p>Pers\u00f6nliche Daten k\u00f6nnen weitergegeben werden an:<\/p>\n\n<ul class=\"wp-block-list\">\n<li>\u00d6ffentliche Verwaltungen und zust\u00e4ndige Stellen, wenn dies gesetzlich vorgeschrieben ist.<\/li>\n\n<li>Bankinstitute f\u00fcr die Verwaltung von Zahlungen.<\/li>\n\n<li>Kurier- und Logistikunternehmen f\u00fcr die Lieferung von Produkten.<\/li>\n\n<li>Datenverarbeiter, die technische Unterst\u00fctzung, Hosting oder digitale Marketingdienste anbieten.<\/li>\n<\/ul>\n\n<p>Unter keinen Umst\u00e4nden werden pers\u00f6nliche Daten ohne die ausdr\u00fcckliche Zustimmung des Nutzers verkauft, vermietet oder an Dritte weitergegeben.<\/p>\n\n<h2 class=\"wp-block-heading\"><strong>6. BENUTZERRECHTE<\/strong><\/h2>\n\n<p>Der Nutzer hat das Recht auf:<\/p>\n\n<ul class=\"wp-block-list\">\n<li>Zugang zu Ihren pers\u00f6nlichen Daten und Informationen \u00fcber deren Verarbeitung erhalten.<\/li>\n\n<li>Korrigieren Sie ungenaue oder unvollst\u00e4ndige Daten.<\/li>\n\n<li>die L\u00f6schung Ihrer Daten zu verlangen, wenn sie f\u00fcr die Zwecke, f\u00fcr die sie erhoben wurden, nicht mehr erforderlich sind.<\/li>\n\n<li>unter bestimmten Umst\u00e4nden der Verarbeitung Ihrer Daten zu widersprechen.<\/li>\n\n<li>die Verarbeitung Ihrer Daten in den vom Gesetz vorgesehenen F\u00e4llen einzuschr\u00e4nken.<\/li>\n\n<li>Beantragen Sie die \u00dcbertragbarkeit Ihrer Daten in einem strukturierten Format.<\/li>\n\n<li>Die Einwilligung jederzeit zu widerrufen, ohne dass die Rechtm\u00e4\u00dfigkeit der auf der vorherigen Einwilligung beruhenden Verarbeitung ber\u00fchrt wird.<\/li>\n<\/ul>\n\n<p>Um diese Rechte auszu\u00fcben, kann der Nutzer eine Anfrage an die E-Mail-Adresse [Kontakt-E-Mail] senden und eine Kopie seines Ausweises beif\u00fcgen.<\/p>\n\n<p>Sie haben auch das Recht, eine Beschwerde bei der spanischen Datenschutzbeh\u00f6rde<a href=\"http:\/\/www.aepd.es\">(www.aepd.es)<\/a> einzureichen, wenn Sie der Meinung sind, dass die Verarbeitung Ihrer Daten nicht den geltenden Vorschriften entspricht.<\/p>\n\n<h2 class=\"wp-block-heading\"><strong>7. SICHERHEITSMASSNAHMEN<\/strong><\/h2>\n\n<p>Mon Mon Reposter\u00eda ergreift die notwendigen technischen und organisatorischen Ma\u00dfnahmen, um die Sicherheit der personenbezogenen Daten zu gew\u00e4hrleisten und deren Ver\u00e4nderung, Verlust, Verarbeitung oder unbefugten Zugriff zu verhindern, wobei der Stand der Technik, die Art der gespeicherten Daten und die Risiken, denen sie ausgesetzt sind, ber\u00fccksichtigt werden.<\/p>\n\n<h2 class=\"wp-block-heading\"><strong>8. \u00c4NDERUNGEN AN DER DATENSCHUTZRICHTLINIE<\/strong><\/h2>\n\n<p>Mon Mon Reposter\u00eda beh\u00e4lt sich das Recht vor, diese Datenschutzrichtlinie zu \u00e4ndern, um sie an neue Gesetze oder die Rechtsprechung anzupassen. Im Falle wesentlicher \u00c4nderungen werden die Nutzer \u00fcber die Website oder auf andere geeignete Weise informiert. <\/p>\n\n<h2 class=\"wp-block-heading\"><strong>9. KONTAKT<\/strong><\/h2>\n\n<p>Bei Fragen oder Unklarheiten in Bezug auf diese Datenschutzrichtlinie k\u00f6nnen Sie uns kontaktieren unter<\/p>\n\n<ul class=\"wp-block-list\">\n<li><strong>E-Mail:<\/strong> <a href=\"mailto:hola@mommomreposteria.com\">hola@mommomreposteria.com<\/a><\/li>\n\n<li><strong>Postanschrift:<\/strong> Carrer de Valldargent, 27, 07013 Palma, Illes Balears<\/li>\n\n<li><strong>Telefon:<\/strong> 617 69 11 39<\/li>\n<\/ul>\n<hr class=\"wp-block-separator has-alpha-channel-opacity\">\n<p><strong>Mutter &amp; Mutter Reposter\u00eda<\/strong> &#8211; <strong>Mar\u00eda Lavinia Bonilla<\/strong><\/p>\n<hr class=\"wp-block-separator has-alpha-channel-opacity\">\n<p>Dieses Dokument wurde in \u00dcbereinstimmung mit der GDPR und den spanischen Datenschutzbestimmungen erstellt.<\/p>\n\n<p> <\/p>\n\t\t\t\t\t\t\t\t<\/div>\n\t\t\t\t<\/div>\n\t\t\t\t\t<\/div>\n\t\t\t\t<\/div>\n\t\t\t\t<\/div>\n\t\t","protected":false},"excerpt":{"rendered":"<p>Datenschutzbestimmungen Letzte Aktualisierung: 31\/01\/2025 1. IDENTIFIZIERUNG DES CONTROLLERS In \u00dcbereinstimmung mit den Bestimmungen der Verordnung (EU) 2016\/679 des Europ\u00e4ischen Parlaments und des Rates vom 27. April 2016 zum Schutz nat\u00fcrlicher Personen bei der Verarbeitung personenbezogener Daten und zum freien Datenverkehr (im Folgenden &#8222;DSGVO&#8220;) und anderen anwendbaren Vorschriften werden die Nutzer dieser Website hiermit dar\u00fcber informiert, [&hellip;]<\/p>\n","protected":false},"author":1,"featured_media":0,"parent":0,"menu_order":0,"comment_status":"closed","ping_status":"closed","template":"page-full-width.php","meta":{"footnotes":""},"class_list":["post-9991","page","type-page","status-publish","hentry"],"yoast_head":"<!-- This site is optimized with the Yoast SEO Premium plugin v24.9 (Yoast SEO v26.6) - https:\/\/yoast.com\/wordpress\/plugins\/seo\/ -->\n<title>Datenschutzbestimmungen auf unserer Website | Mom&amp;Mom<\/title>\n<meta name=\"description\" content=\"Ihre Privatsph\u00e4re ist uns wichtig. Auf dieser Seite erfahren Sie, wie wir Ihre pers\u00f6nlichen Daten im Internet sammeln, verwenden und sch\u00fctzen.\" \/>\n<meta name=\"robots\" content=\"index, follow, max-snippet:-1, max-image-preview:large, max-video-preview:-1\" \/>\n<link rel=\"canonical\" href=\"https:\/\/mommomreposteria.com\/de\/datenschutzbestimmungen\/\" \/>\n<meta property=\"og:locale\" content=\"de_DE\" \/>\n<meta property=\"og:type\" content=\"article\" \/>\n<meta property=\"og:title\" content=\"Datenschutzbestimmungen\" \/>\n<meta property=\"og:description\" content=\"Ihre Privatsph\u00e4re ist uns wichtig. Auf dieser Seite erfahren Sie, wie wir Ihre pers\u00f6nlichen Daten im Internet sammeln, verwenden und sch\u00fctzen.\" \/>\n<meta property=\"og:url\" content=\"https:\/\/mommomreposteria.com\/de\/datenschutzbestimmungen\/\" \/>\n<meta property=\"og:site_name\" content=\"Mom&amp;Mom\" \/>\n<meta property=\"article:publisher\" content=\"https:\/\/www.facebook.com\/mommomreposteria\/?locale=es_ES\" \/>\n<meta property=\"article:modified_time\" content=\"2025-04-25T10:17:40+00:00\" \/>\n<meta name=\"twitter:card\" content=\"summary_large_image\" \/>\n<meta name=\"twitter:label1\" content=\"Gesch\u00e4tzte Lesezeit\" \/>\n\t<meta name=\"twitter:data1\" content=\"4\u00a0Minuten\" \/>\n<script type=\"application\/ld+json\" class=\"yoast-schema-graph\">{\"@context\":\"https:\/\/schema.org\",\"@graph\":[{\"@type\":\"WebPage\",\"@id\":\"https:\/\/mommomreposteria.com\/de\/datenschutzbestimmungen\/\",\"url\":\"https:\/\/mommomreposteria.com\/de\/datenschutzbestimmungen\/\",\"name\":\"Datenschutzbestimmungen auf unserer Website | Mom&amp;Mom\",\"isPartOf\":{\"@id\":\"https:\/\/mommomreposteria.com\/#website\"},\"datePublished\":\"2024-04-18T08:32:40+00:00\",\"dateModified\":\"2025-04-25T10:17:40+00:00\",\"description\":\"Ihre Privatsph\u00e4re ist uns wichtig. Auf dieser Seite erfahren Sie, wie wir Ihre pers\u00f6nlichen Daten im Internet sammeln, verwenden und sch\u00fctzen.\",\"breadcrumb\":{\"@id\":\"https:\/\/mommomreposteria.com\/de\/datenschutzbestimmungen\/#breadcrumb\"},\"inLanguage\":\"de\",\"potentialAction\":[{\"@type\":\"ReadAction\",\"target\":[\"https:\/\/mommomreposteria.com\/de\/datenschutzbestimmungen\/\"]}]},{\"@type\":\"BreadcrumbList\",\"@id\":\"https:\/\/mommomreposteria.com\/de\/datenschutzbestimmungen\/#breadcrumb\",\"itemListElement\":[{\"@type\":\"ListItem\",\"position\":1,\"name\":\"Portada\",\"item\":\"https:\/\/mommomreposteria.com\/de\/mommom\/\"},{\"@type\":\"ListItem\",\"position\":2,\"name\":\"Datenschutzbestimmungen\"}]},{\"@type\":\"WebSite\",\"@id\":\"https:\/\/mommomreposteria.com\/#website\",\"url\":\"https:\/\/mommomreposteria.com\/\",\"name\":\"Mom&Mom\",\"description\":\"Tartas personalizadas en Palma \ud83c\udf82\",\"publisher\":{\"@id\":\"https:\/\/mommomreposteria.com\/#organization\"},\"potentialAction\":[{\"@type\":\"SearchAction\",\"target\":{\"@type\":\"EntryPoint\",\"urlTemplate\":\"https:\/\/mommomreposteria.com\/?s={search_term_string}\"},\"query-input\":{\"@type\":\"PropertyValueSpecification\",\"valueRequired\":true,\"valueName\":\"search_term_string\"}}],\"inLanguage\":\"de\"},{\"@type\":\"Organization\",\"@id\":\"https:\/\/mommomreposteria.com\/#organization\",\"name\":\"Mom&Mom\",\"url\":\"https:\/\/mommomreposteria.com\/\",\"logo\":{\"@type\":\"ImageObject\",\"inLanguage\":\"de\",\"@id\":\"https:\/\/mommomreposteria.com\/#\/schema\/logo\/image\/\",\"url\":\"https:\/\/mommomreposteria.com\/wp-content\/uploads\/2025\/01\/cropped-Logo_MM__nuevo_-pdf-removebg-preview-1.png\",\"contentUrl\":\"https:\/\/mommomreposteria.com\/wp-content\/uploads\/2025\/01\/cropped-Logo_MM__nuevo_-pdf-removebg-preview-1.png\",\"width\":446,\"height\":475,\"caption\":\"Mom&Mom\"},\"image\":{\"@id\":\"https:\/\/mommomreposteria.com\/#\/schema\/logo\/image\/\"},\"sameAs\":[\"https:\/\/www.facebook.com\/mommomreposteria\/?locale=es_ES\",\"https:\/\/www.instagram.com\/mommomreposteria\/\"]}]}<\/script>\n<!-- \/ Yoast SEO Premium plugin. -->","yoast_head_json":{"title":"Datenschutzbestimmungen auf unserer Website | Mom&amp;Mom","description":"Ihre Privatsph\u00e4re ist uns wichtig. Auf dieser Seite erfahren Sie, wie wir Ihre pers\u00f6nlichen Daten im Internet sammeln, verwenden und sch\u00fctzen.","robots":{"index":"index","follow":"follow","max-snippet":"max-snippet:-1","max-image-preview":"max-image-preview:large","max-video-preview":"max-video-preview:-1"},"canonical":"https:\/\/mommomreposteria.com\/de\/datenschutzbestimmungen\/","og_locale":"de_DE","og_type":"article","og_title":"Datenschutzbestimmungen","og_description":"Ihre Privatsph\u00e4re ist uns wichtig. Auf dieser Seite erfahren Sie, wie wir Ihre pers\u00f6nlichen Daten im Internet sammeln, verwenden und sch\u00fctzen.","og_url":"https:\/\/mommomreposteria.com\/de\/datenschutzbestimmungen\/","og_site_name":"Mom&amp;Mom","article_publisher":"https:\/\/www.facebook.com\/mommomreposteria\/?locale=es_ES","article_modified_time":"2025-04-25T10:17:40+00:00","twitter_card":"summary_large_image","twitter_misc":{"Gesch\u00e4tzte Lesezeit":"4\u00a0Minuten"},"schema":{"@context":"https:\/\/schema.org","@graph":[{"@type":"WebPage","@id":"https:\/\/mommomreposteria.com\/de\/datenschutzbestimmungen\/","url":"https:\/\/mommomreposteria.com\/de\/datenschutzbestimmungen\/","name":"Datenschutzbestimmungen auf unserer Website | Mom&amp;Mom","isPartOf":{"@id":"https:\/\/mommomreposteria.com\/#website"},"datePublished":"2024-04-18T08:32:40+00:00","dateModified":"2025-04-25T10:17:40+00:00","description":"Ihre Privatsph\u00e4re ist uns wichtig. Auf dieser Seite erfahren Sie, wie wir Ihre pers\u00f6nlichen Daten im Internet sammeln, verwenden und sch\u00fctzen.","breadcrumb":{"@id":"https:\/\/mommomreposteria.com\/de\/datenschutzbestimmungen\/#breadcrumb"},"inLanguage":"de","potentialAction":[{"@type":"ReadAction","target":["https:\/\/mommomreposteria.com\/de\/datenschutzbestimmungen\/"]}]},{"@type":"BreadcrumbList","@id":"https:\/\/mommomreposteria.com\/de\/datenschutzbestimmungen\/#breadcrumb","itemListElement":[{"@type":"ListItem","position":1,"name":"Portada","item":"https:\/\/mommomreposteria.com\/de\/mommom\/"},{"@type":"ListItem","position":2,"name":"Datenschutzbestimmungen"}]},{"@type":"WebSite","@id":"https:\/\/mommomreposteria.com\/#website","url":"https:\/\/mommomreposteria.com\/","name":"Mom&Mom","description":"Tartas personalizadas en Palma \ud83c\udf82","publisher":{"@id":"https:\/\/mommomreposteria.com\/#organization"},"potentialAction":[{"@type":"SearchAction","target":{"@type":"EntryPoint","urlTemplate":"https:\/\/mommomreposteria.com\/?s={search_term_string}"},"query-input":{"@type":"PropertyValueSpecification","valueRequired":true,"valueName":"search_term_string"}}],"inLanguage":"de"},{"@type":"Organization","@id":"https:\/\/mommomreposteria.com\/#organization","name":"Mom&Mom","url":"https:\/\/mommomreposteria.com\/","logo":{"@type":"ImageObject","inLanguage":"de","@id":"https:\/\/mommomreposteria.com\/#\/schema\/logo\/image\/","url":"https:\/\/mommomreposteria.com\/wp-content\/uploads\/2025\/01\/cropped-Logo_MM__nuevo_-pdf-removebg-preview-1.png","contentUrl":"https:\/\/mommomreposteria.com\/wp-content\/uploads\/2025\/01\/cropped-Logo_MM__nuevo_-pdf-removebg-preview-1.png","width":446,"height":475,"caption":"Mom&Mom"},"image":{"@id":"https:\/\/mommomreposteria.com\/#\/schema\/logo\/image\/"},"sameAs":["https:\/\/www.facebook.com\/mommomreposteria\/?locale=es_ES","https:\/\/www.instagram.com\/mommomreposteria\/"]}]}},"_links":{"self":[{"href":"https:\/\/mommomreposteria.com\/de\/wp-json\/wp\/v2\/pages\/9991","targetHints":{"allow":["GET"]}}],"collection":[{"href":"https:\/\/mommomreposteria.com\/de\/wp-json\/wp\/v2\/pages"}],"about":[{"href":"https:\/\/mommomreposteria.com\/de\/wp-json\/wp\/v2\/types\/page"}],"author":[{"embeddable":true,"href":"https:\/\/mommomreposteria.com\/de\/wp-json\/wp\/v2\/users\/1"}],"replies":[{"embeddable":true,"href":"https:\/\/mommomreposteria.com\/de\/wp-json\/wp\/v2\/comments?post=9991"}],"version-history":[{"count":3,"href":"https:\/\/mommomreposteria.com\/de\/wp-json\/wp\/v2\/pages\/9991\/revisions"}],"predecessor-version":[{"id":9995,"href":"https:\/\/mommomreposteria.com\/de\/wp-json\/wp\/v2\/pages\/9991\/revisions\/9995"}],"wp:attachment":[{"href":"https:\/\/mommomreposteria.com\/de\/wp-json\/wp\/v2\/media?parent=9991"}],"curies":[{"name":"wp","href":"https:\/\/api.w.org\/{rel}","templated":true}]}}